{"id":36,"date":"2021-10-25T21:19:37","date_gmt":"2021-10-25T19:19:37","guid":{"rendered":"http:\/\/esfac.net\/?page_id=36"},"modified":"2026-01-11T21:10:31","modified_gmt":"2026-01-11T20:10:31","slug":"agenda","status":"publish","type":"page","link":"https:\/\/esfac.net\/index.php\/agenda\/","title":{"rendered":"Actualit\u00e9"},"content":{"rendered":"\n<div class=\"wp-block-cover is-light\" style=\"min-height:474px;aspect-ratio:unset;\"><span aria-hidden=\"true\" class=\"wp-block-cover__background has-blue-background-color has-background-dim\"><\/span><div class=\"wp-block-cover__inner-container is-layout-constrained wp-block-cover-is-layout-constrained\">\n<p class=\"has-text-align-center has-large-font-size\">Prochainement&#8230; Suivez nos aventures lors des <\/p>\n\n\n\n<p class=\"has-text-align-center has-large-font-size\">classes de d\u00e9paysement !<\/p>\n\n\n\n<h3 class=\"wp-block-heading\">\ud83c\udf3f\ud83c\udf32 Classes vertes \u2013 Chiny<\/h3>\n\n\n\n<p>\ud83c\udf3f <strong>Une semaine inoubliable pour nos \u00e9l\u00e8ves de 3\u1d49 et 4\u1d49 ann\u00e9e au centre ADEPS de Chiny du 09 au 13 mars 2026  !<\/strong><\/p>\n\n\n\n<p>Au programme :<\/p>\n\n\n\n<ul class=\"wp-block-list\">\n<li>Balades en pleine nature \ud83c\udf33<\/li>\n\n\n\n<li>Exploration du village \ud83c\udfd8\ufe0f<\/li>\n\n\n\n<li>Excursions en VTT \ud83d\udeb4<\/li>\n\n\n\n<li>Tir \u00e0 l\u2019arc \ud83c\udff9<\/li>\n\n\n\n<li>Activit\u00e9s sportives vari\u00e9es \u26bd\ud83c\udfc0<\/li>\n\n\n\n<li>Soir\u00e9e contes autour du feu \u2728<\/li>\n<\/ul>\n\n\n\n<p>Une aventure riche en d\u00e9couvertes, en amusement et en esprit d\u2019\u00e9quipe !<\/p>\n\n\n\n<figure class=\"wp-block-image size-full\"><img loading=\"lazy\" decoding=\"async\" width=\"960\" height=\"720\" src=\"https:\/\/esfac.net\/wp-content\/uploads\/2022\/06\/classes-vertes-22.7.jpg\" alt=\"\" class=\"wp-image-115\" srcset=\"https:\/\/esfac.net\/wp-content\/uploads\/2022\/06\/classes-vertes-22.7.jpg 960w, https:\/\/esfac.net\/wp-content\/uploads\/2022\/06\/classes-vertes-22.7-300x225.jpg 300w, https:\/\/esfac.net\/wp-content\/uploads\/2022\/06\/classes-vertes-22.7-768x576.jpg 768w\" sizes=\"auto, (max-width: 960px) 100vw, 960px\" \/><\/figure>\n\n\n\n<figure class=\"wp-block-gallery has-nested-images columns-default is-cropped wp-block-gallery-1 is-layout-flex wp-block-gallery-is-layout-flex\">\n<figure class=\"wp-block-image size-full\"><img loading=\"lazy\" decoding=\"async\" width=\"960\" height=\"528\" data-id=\"116\" src=\"https:\/\/esfac.net\/wp-content\/uploads\/2022\/06\/classes-vertes-22.1.jpg\" alt=\"\" class=\"wp-image-116\" srcset=\"https:\/\/esfac.net\/wp-content\/uploads\/2022\/06\/classes-vertes-22.1.jpg 960w, https:\/\/esfac.net\/wp-content\/uploads\/2022\/06\/classes-vertes-22.1-300x165.jpg 300w, https:\/\/esfac.net\/wp-content\/uploads\/2022\/06\/classes-vertes-22.1-768x422.jpg 768w\" sizes=\"auto, (max-width: 960px) 100vw, 960px\" \/><\/figure>\n\n\n\n<figure class=\"wp-block-image size-full\"><img loading=\"lazy\" decoding=\"async\" width=\"720\" height=\"960\" data-id=\"117\" src=\"https:\/\/esfac.net\/wp-content\/uploads\/2022\/06\/classes-vertes-22.3.jpg\" alt=\"\" class=\"wp-image-117\" srcset=\"https:\/\/esfac.net\/wp-content\/uploads\/2022\/06\/classes-vertes-22.3.jpg 720w, https:\/\/esfac.net\/wp-content\/uploads\/2022\/06\/classes-vertes-22.3-225x300.jpg 225w\" sizes=\"auto, (max-width: 720px) 100vw, 720px\" \/><\/figure>\n\n\n\n<figure class=\"wp-block-image size-full\"><img loading=\"lazy\" decoding=\"async\" width=\"960\" height=\"720\" data-id=\"118\" src=\"https:\/\/esfac.net\/wp-content\/uploads\/2022\/06\/classes-vertes-22.4.jpg\" alt=\"\" class=\"wp-image-118\" srcset=\"https:\/\/esfac.net\/wp-content\/uploads\/2022\/06\/classes-vertes-22.4.jpg 960w, https:\/\/esfac.net\/wp-content\/uploads\/2022\/06\/classes-vertes-22.4-300x225.jpg 300w, https:\/\/esfac.net\/wp-content\/uploads\/2022\/06\/classes-vertes-22.4-768x576.jpg 768w\" sizes=\"auto, (max-width: 960px) 100vw, 960px\" \/><\/figure>\n<\/figure>\n\n\n\n<p><\/p>\n\n\n\n<h3 class=\"wp-block-heading\">\ud83c\udf0a\ud83c\udfd6\ufe0f Classes de mer \u2013 La Panne<\/h3>\n\n\n\n<p>Les \u00e9l\u00e8ves de <strong>1\u02b3\u1d49 et 2\u1d49 ann\u00e9e<\/strong> auront la chance de partir en <strong>classes de mer \u00e0 La Panne<\/strong>, du <strong>30 mars au 2 avril 2026<\/strong>, pour une magnifique d\u00e9couverte du milieu marin.<\/p>\n\n\n\n<p>Au programme de ce s\u00e9jour riche en exp\u00e9riences :<\/p>\n\n\n\n<ul class=\"wp-block-list\">\n<li>exploration des <strong>dunes<\/strong> et observation de la nature c\u00f4ti\u00e8re \ud83c\udf3e<\/li>\n\n\n\n<li>immersion dans l\u2019univers de <strong>Robinson Cruso\u00e9<\/strong>, \u00e0 travers des d\u00e9fis ludiques propos\u00e9s par les animateurs \ud83c\udfdd\ufe0f\ud83e\udded<\/li>\n\n\n\n<li>visite du <strong>mus\u00e9e Sea Change<\/strong>, pour mieux comprendre la mer et ses enjeux \ud83c\udf0d\ud83d\udc20<\/li>\n\n\n\n<li>moments de d\u00e9tente et de plaisir avec une partie de <strong>bowling<\/strong> \ud83c\udfb3<\/li>\n\n\n\n<li>sans oublier la <strong>d\u00e9gustation de glaces<\/strong>, pour le plus grand bonheur des enfants \ud83c\udf66<\/li>\n<\/ul>\n\n\n\n<p>Ce s\u00e9jour permettra aux \u00e9l\u00e8ves d\u2019apprendre autrement, de d\u00e9velopper leur curiosit\u00e9, leur autonomie et l\u2019esprit de groupe, tout en vivant des moments inoubliables au bord de la mer \ud83c\udf0a\u2728.<\/p>\n\n\n\n<p><\/p>\n\n\n\n<h3 class=\"wp-block-heading\">\u26f0\ufe0f S\u00e9jour en montagne \u2013 Valmalenco (Italie)<\/h3>\n\n\n\n<p>Les \u00e9l\u00e8ves de <strong>5\u1d49 et 6\u1d49 ann\u00e9e<\/strong> auront la chance de partir \u00e0 la d\u00e9couverte de la <strong>Valmalenco, en Italie<\/strong>, du <strong>28 mai au 4 juin 2026<\/strong>, pour un s\u00e9jour p\u00e9dagogique au c\u0153ur de la montagne \ud83c\udfd4\ufe0f.<\/p>\n\n\n\n<p>Ce voyage sera l\u2019occasion de d\u00e9couvrir le <strong>milieu montagnard<\/strong> \ud83c\udf3f, de vivre des <strong>randonn\u00e9es entre sommets<\/strong> \ud83d\udeb6\u200d\u2642\ufe0f\ud83d\udeb6\u200d\u2640\ufe0f et de d\u00e9velopper l\u2019<strong>esprit de groupe<\/strong> \u00e0 travers l\u2019entraide et l\u2019<strong>esprit de cord\u00e9e<\/strong> \ud83e\uddd7\u200d\u2642\ufe0f o\u00f9 chacun progresse avec et pour les autres. Les \u00e9l\u00e8ves passeront \u00e9galement une <strong>nuit en refuge<\/strong> au plus pr\u00e8s d\u2019un glacier \u2744\ufe0f dans une ambiance chaleureuse ponctu\u00e9e de contes et de moments de partage. La d\u00e9couverte de la <strong>gastronomie italienne<\/strong> \ud83c\udf5d, la transposition de la classe de Courcelles \u00e0 <strong>Caspoggio<\/strong> \ud83c\udfeb\u27a1\ufe0f\ud83c\udfd4\ufe0f ainsi que l\u2019\u00e9merveillement face \u00e0 des <strong>paysages \u00e0 couper le souffle<\/strong> \ud83c\udf04 viendront enrichir cette exp\u00e9rience humaine et p\u00e9dagogique inoubliable \u2728<\/p>\n\n\n\n<figure class=\"wp-block-gallery has-nested-images columns-default is-cropped wp-block-gallery-2 is-layout-flex wp-block-gallery-is-layout-flex\">\n<figure class=\"wp-block-image size-large\"><img loading=\"lazy\" decoding=\"async\" width=\"720\" height=\"960\" data-id=\"258\" src=\"https:\/\/esfac.net\/wp-content\/uploads\/2026\/01\/488888317_1227182259413016_2350466120713770684_n.jpg\" alt=\"\" class=\"wp-image-258\" srcset=\"https:\/\/esfac.net\/wp-content\/uploads\/2026\/01\/488888317_1227182259413016_2350466120713770684_n.jpg 720w, https:\/\/esfac.net\/wp-content\/uploads\/2026\/01\/488888317_1227182259413016_2350466120713770684_n-225x300.jpg 225w\" sizes=\"auto, (max-width: 720px) 100vw, 720px\" \/><\/figure>\n<\/figure>\n\n\n\n<div class=\"wp-block-group is-layout-grid wp-container-core-group-is-layout-9649a0d9 wp-block-group-is-layout-grid\">\n<figure class=\"wp-block-image size-large\"><img loading=\"lazy\" decoding=\"async\" width=\"1024\" height=\"768\" src=\"https:\/\/esfac.net\/wp-content\/uploads\/2026\/01\/IMG_5668-1024x768.jpg\" alt=\"\" class=\"wp-image-254\" srcset=\"https:\/\/esfac.net\/wp-content\/uploads\/2026\/01\/IMG_5668-1024x768.jpg 1024w, https:\/\/esfac.net\/wp-content\/uploads\/2026\/01\/IMG_5668-300x225.jpg 300w, https:\/\/esfac.net\/wp-content\/uploads\/2026\/01\/IMG_5668-768x576.jpg 768w, https:\/\/esfac.net\/wp-content\/uploads\/2026\/01\/IMG_5668-1536x1152.jpg 1536w, https:\/\/esfac.net\/wp-content\/uploads\/2026\/01\/IMG_5668-2048x1536.jpg 2048w\" sizes=\"auto, (max-width: 1024px) 100vw, 1024px\" \/><\/figure>\n\n\n\n<figure class=\"wp-block-gallery has-nested-images columns-default is-cropped wp-block-gallery-3 is-layout-flex wp-block-gallery-is-layout-flex\">\n<figure class=\"wp-block-image size-large\"><img loading=\"lazy\" decoding=\"async\" width=\"1024\" height=\"768\" data-id=\"256\" src=\"https:\/\/esfac.net\/wp-content\/uploads\/2026\/01\/IMG_6183-1024x768.jpg\" alt=\"\" class=\"wp-image-256\" srcset=\"https:\/\/esfac.net\/wp-content\/uploads\/2026\/01\/IMG_6183-1024x768.jpg 1024w, https:\/\/esfac.net\/wp-content\/uploads\/2026\/01\/IMG_6183-300x225.jpg 300w, https:\/\/esfac.net\/wp-content\/uploads\/2026\/01\/IMG_6183-768x576.jpg 768w, https:\/\/esfac.net\/wp-content\/uploads\/2026\/01\/IMG_6183-1536x1152.jpg 1536w, https:\/\/esfac.net\/wp-content\/uploads\/2026\/01\/IMG_6183-2048x1536.jpg 2048w\" sizes=\"auto, (max-width: 1024px) 100vw, 1024px\" \/><\/figure>\n<\/figure>\n\n\n\n<figure class=\"wp-block-image size-large\"><img loading=\"lazy\" decoding=\"async\" width=\"1024\" height=\"768\" src=\"https:\/\/esfac.net\/wp-content\/uploads\/2026\/01\/IMG_5986-1024x768.jpg\" alt=\"\" class=\"wp-image-257\" srcset=\"https:\/\/esfac.net\/wp-content\/uploads\/2026\/01\/IMG_5986-1024x768.jpg 1024w, https:\/\/esfac.net\/wp-content\/uploads\/2026\/01\/IMG_5986-300x225.jpg 300w, https:\/\/esfac.net\/wp-content\/uploads\/2026\/01\/IMG_5986-768x576.jpg 768w, https:\/\/esfac.net\/wp-content\/uploads\/2026\/01\/IMG_5986-1536x1152.jpg 1536w, https:\/\/esfac.net\/wp-content\/uploads\/2026\/01\/IMG_5986-2048x1536.jpg 2048w\" sizes=\"auto, (max-width: 1024px) 100vw, 1024px\" \/><\/figure>\n<\/div>\n\n\n\n<p><\/p>\n<\/div><\/div>\n","protected":false},"excerpt":{"rendered":"","protected":false},"author":1,"featured_media":0,"parent":0,"menu_order":0,"comment_status":"closed","ping_status":"closed","template":"","meta":{"footnotes":""},"class_list":["post-36","page","type-page","status-publish","hentry"],"_links":{"self":[{"href":"https:\/\/esfac.net\/index.php\/wp-json\/wp\/v2\/pages\/36","targetHints":{"allow":["GET"]}}],"collection":[{"href":"https:\/\/esfac.net\/index.php\/wp-json\/wp\/v2\/pages"}],"about":[{"href":"https:\/\/esfac.net\/index.php\/wp-json\/wp\/v2\/types\/page"}],"author":[{"embeddable":true,"href":"https:\/\/esfac.net\/index.php\/wp-json\/wp\/v2\/users\/1"}],"replies":[{"embeddable":true,"href":"https:\/\/esfac.net\/index.php\/wp-json\/wp\/v2\/comments?post=36"}],"version-history":[{"count":15,"href":"https:\/\/esfac.net\/index.php\/wp-json\/wp\/v2\/pages\/36\/revisions"}],"predecessor-version":[{"id":263,"href":"https:\/\/esfac.net\/index.php\/wp-json\/wp\/v2\/pages\/36\/revisions\/263"}],"wp:attachment":[{"href":"https:\/\/esfac.net\/index.php\/wp-json\/wp\/v2\/media?parent=36"}],"curies":[{"name":"wp","href":"https:\/\/api.w.org\/{rel}","templated":true}]}}